{"id":2806,"date":"2024-05-14T18:25:46","date_gmt":"2024-05-14T16:25:46","guid":{"rendered":"http:\/\/topformacionpalencia.com\/?page_id=2806"},"modified":"2024-05-14T18:26:16","modified_gmt":"2024-05-14T16:26:16","slug":"terminos-y-condiciones","status":"publish","type":"page","link":"http:\/\/topformacionpalencia.com\/en\/terminos-y-condiciones\/","title":{"rendered":"Terms and conditions"},"content":{"rendered":"<p>[et_pb_section fb_built=\u00bb1&#8243; theme_builder_area=\u00bbpost_content\u00bb _builder_version=\u00bb4.22.1&#8243; _module_preset=\u00bbdefault\u00bb][et_pb_row _builder_version=\u00bb4.22.1&#8243; _module_preset=\u00bbdefault\u00bb theme_builder_area=\u00bbpost_content\u00bb][et_pb_column _builder_version=\u00bb4.22.1&#8243; _module_preset=\u00bbdefault\u00bb type=\u00bb4_4&#8243; theme_builder_area=\u00bbpost_content\u00bb][et_pb_text _builder_version=\u00bb4.22.1&#8243; _module_preset=\u00bbdefault\u00bb theme_builder_area=\u00bbpost_content\u00bb hover_enabled=\u00bb0&#8243; sticky_enabled=\u00bb0&#8243;]<\/p>\n<h1 class=\"uk-article-title\">Terms and conditions<\/h1>\n<div class=\"uk-margin-medium\" property=\"text\">\n<p align=\"JUSTIFY\"><span><\/span><\/p>\n<p align=\"JUSTIFY\"><span>De conformidad con el RGPD de car\u00e1cter personal, le informamos que sus datos personales van a ser incluidos dentro de un fichero inform\u00e1tico, del cual es responsable\u00a0<\/span><span><u>TOP FORMACI\u00d3N &amp; CONSULTING S.L.U.<\/u><\/span><span>, con la finalidad de gestionar, presupuestar, facturar y atender los compromisos derivados de la relaci\u00f3n que mantenemos con Vd.; y que fundamentalmente se refiere a la proporci\u00f3n de una educaci\u00f3n no reglada, de calidad y adecuada a sus necesidades. Podr\u00e1 ejercer en cualquier momento los derechos de acceso, rectificaci\u00f3n, cancelaci\u00f3n, oposici\u00f3n, portabilidad y olvido, en los t\u00e9rminos que establece el RGPD y que b\u00e1sicamente consiste en solicitarlo por escrito junto a una copia de su D.N.I. a la direcci\u00f3n de C\/ Italia, parcela n\u00ba. 109, C. Postal 34004 de Palencia.<\/span><\/p>\n<p align=\"RIGHT\"><span>Comprende lo le\u00eddo anteriormente y firma en prueba de conformidad.<\/span><\/p>\n<\/div>\n<p>[\/et_pb_text][\/et_pb_column][\/et_pb_row][\/et_pb_section]<\/p>","protected":false},"excerpt":{"rendered":"<p>T\u00e9rminos y condiciones De conformidad con el RGPD de car\u00e1cter personal, le informamos que sus datos personales van a ser incluidos dentro de un fichero inform\u00e1tico, del cual es responsable\u00a0TOP FORMACI\u00d3N &amp; CONSULTING S.L.U., con la finalidad de gestionar, presupuestar, facturar y atender los compromisos derivados de la relaci\u00f3n que mantenemos con Vd.; y que [&hellip;]<\/p>","protected":false},"author":1,"featured_media":0,"parent":0,"menu_order":0,"comment_status":"closed","ping_status":"closed","template":"","meta":{"_et_pb_use_builder":"on","_et_pb_old_content":"","_et_gb_content_width":"","footnotes":""},"class_list":["post-2806","page","type-page","status-publish","hentry"],"yoast_head":"<!-- This site is optimized with the Yoast SEO plugin v26.9 - https:\/\/yoast.com\/product\/yoast-seo-wordpress\/ -->\n<title>T\u00e9rminos y condiciones - Top Formacion Palencia<\/title>\n<meta name=\"robots\" content=\"index, follow, max-snippet:-1, max-image-preview:large, max-video-preview:-1\" \/>\n<link rel=\"canonical\" href=\"http:\/\/topformacionpalencia.com\/en\/terminos-y-condiciones\/\" \/>\n<meta property=\"og:locale\" content=\"en_GB\" \/>\n<meta property=\"og:type\" content=\"article\" \/>\n<meta property=\"og:title\" content=\"T\u00e9rminos y condiciones - Top Formacion Palencia\" \/>\n<meta property=\"og:description\" content=\"T\u00e9rminos y condiciones De conformidad con el RGPD de car\u00e1cter personal, le informamos que sus datos personales van a ser incluidos dentro de un fichero inform\u00e1tico, del cual es responsable\u00a0TOP FORMACI\u00d3N &amp; CONSULTING S.L.U., con la finalidad de gestionar, presupuestar, facturar y atender los compromisos derivados de la relaci\u00f3n que mantenemos con Vd.; y que [&hellip;]\" \/>\n<meta property=\"og:url\" content=\"http:\/\/topformacionpalencia.com\/en\/terminos-y-condiciones\/\" \/>\n<meta property=\"og:site_name\" content=\"Top Formacion Palencia\" \/>\n<meta property=\"article:publisher\" content=\"https:\/\/www.facebook.com\/top.formacion.es\/\" \/>\n<meta property=\"article:modified_time\" content=\"2024-05-14T16:26:16+00:00\" \/>\n<meta name=\"twitter:card\" content=\"summary_large_image\" \/>\n<meta name=\"twitter:label1\" content=\"Estimated reading time\" \/>\n\t<meta name=\"twitter:data1\" content=\"1 minute\" \/>\n<script type=\"application\/ld+json\" class=\"yoast-schema-graph\">{\"@context\":\"https:\/\/schema.org\",\"@graph\":[{\"@type\":\"WebPage\",\"@id\":\"http:\/\/topformacionpalencia.com\/en\/terminos-y-condiciones\/\",\"url\":\"http:\/\/topformacionpalencia.com\/en\/terminos-y-condiciones\/\",\"name\":\"T\u00e9rminos y condiciones - Top Formacion Palencia\",\"isPartOf\":{\"@id\":\"http:\/\/topformacionpalencia.com\/#website\"},\"datePublished\":\"2024-05-14T16:25:46+00:00\",\"dateModified\":\"2024-05-14T16:26:16+00:00\",\"breadcrumb\":{\"@id\":\"http:\/\/topformacionpalencia.com\/en\/terminos-y-condiciones\/#breadcrumb\"},\"inLanguage\":\"en-GB\",\"potentialAction\":[{\"@type\":\"ReadAction\",\"target\":[\"http:\/\/topformacionpalencia.com\/en\/terminos-y-condiciones\/\"]}]},{\"@type\":\"BreadcrumbList\",\"@id\":\"http:\/\/topformacionpalencia.com\/en\/terminos-y-condiciones\/#breadcrumb\",\"itemListElement\":[{\"@type\":\"ListItem\",\"position\":1,\"name\":\"Portada\",\"item\":\"http:\/\/topformacionpalencia.com\/\"},{\"@type\":\"ListItem\",\"position\":2,\"name\":\"T\u00e9rminos y condiciones\"}]},{\"@type\":\"WebSite\",\"@id\":\"http:\/\/topformacionpalencia.com\/#website\",\"url\":\"http:\/\/topformacionpalencia.com\/\",\"name\":\"Top Formacion Palencia\",\"description\":\"Grupo Top Formaci\u00f3n | Centro de Formaci\u00f3n Profesional | Cursos para Desempleados | Cursos para Trabajadores\",\"publisher\":{\"@id\":\"http:\/\/topformacionpalencia.com\/#organization\"},\"potentialAction\":[{\"@type\":\"SearchAction\",\"target\":{\"@type\":\"EntryPoint\",\"urlTemplate\":\"http:\/\/topformacionpalencia.com\/?s={search_term_string}\"},\"query-input\":{\"@type\":\"PropertyValueSpecification\",\"valueRequired\":true,\"valueName\":\"search_term_string\"}}],\"inLanguage\":\"en-GB\"},{\"@type\":\"Organization\",\"@id\":\"http:\/\/topformacionpalencia.com\/#organization\",\"name\":\"Top Formacion Palencia\",\"url\":\"http:\/\/topformacionpalencia.com\/\",\"logo\":{\"@type\":\"ImageObject\",\"inLanguage\":\"en-GB\",\"@id\":\"http:\/\/topformacionpalencia.com\/#\/schema\/logo\/image\/\",\"url\":\"https:\/\/topformacionpalencia.com\/wp-content\/uploads\/2024\/05\/Captura-de-pantalla-2024-05-14-172606.png\",\"contentUrl\":\"https:\/\/topformacionpalencia.com\/wp-content\/uploads\/2024\/05\/Captura-de-pantalla-2024-05-14-172606.png\",\"width\":458,\"height\":136,\"caption\":\"Top Formacion Palencia\"},\"image\":{\"@id\":\"http:\/\/topformacionpalencia.com\/#\/schema\/logo\/image\/\"},\"sameAs\":[\"https:\/\/www.facebook.com\/top.formacion.es\/\",\"https:\/\/www.instagram.com\/top_formacion_palencia\/\"]}]}<\/script>\n<!-- \/ Yoast SEO plugin. -->","yoast_head_json":{"title":"T\u00e9rminos y condiciones - Top Formacion Palencia","robots":{"index":"index","follow":"follow","max-snippet":"max-snippet:-1","max-image-preview":"max-image-preview:large","max-video-preview":"max-video-preview:-1"},"canonical":"http:\/\/topformacionpalencia.com\/en\/terminos-y-condiciones\/","og_locale":"en_GB","og_type":"article","og_title":"T\u00e9rminos y condiciones - Top Formacion Palencia","og_description":"T\u00e9rminos y condiciones De conformidad con el RGPD de car\u00e1cter personal, le informamos que sus datos personales van a ser incluidos dentro de un fichero inform\u00e1tico, del cual es responsable\u00a0TOP FORMACI\u00d3N &amp; CONSULTING S.L.U., con la finalidad de gestionar, presupuestar, facturar y atender los compromisos derivados de la relaci\u00f3n que mantenemos con Vd.; y que [&hellip;]","og_url":"http:\/\/topformacionpalencia.com\/en\/terminos-y-condiciones\/","og_site_name":"Top Formacion Palencia","article_publisher":"https:\/\/www.facebook.com\/top.formacion.es\/","article_modified_time":"2024-05-14T16:26:16+00:00","twitter_card":"summary_large_image","twitter_misc":{"Estimated reading time":"1 minute"},"schema":{"@context":"https:\/\/schema.org","@graph":[{"@type":"WebPage","@id":"http:\/\/topformacionpalencia.com\/en\/terminos-y-condiciones\/","url":"http:\/\/topformacionpalencia.com\/en\/terminos-y-condiciones\/","name":"T\u00e9rminos y condiciones - Top Formacion Palencia","isPartOf":{"@id":"http:\/\/topformacionpalencia.com\/#website"},"datePublished":"2024-05-14T16:25:46+00:00","dateModified":"2024-05-14T16:26:16+00:00","breadcrumb":{"@id":"http:\/\/topformacionpalencia.com\/en\/terminos-y-condiciones\/#breadcrumb"},"inLanguage":"en-GB","potentialAction":[{"@type":"ReadAction","target":["http:\/\/topformacionpalencia.com\/en\/terminos-y-condiciones\/"]}]},{"@type":"BreadcrumbList","@id":"http:\/\/topformacionpalencia.com\/en\/terminos-y-condiciones\/#breadcrumb","itemListElement":[{"@type":"ListItem","position":1,"name":"Portada","item":"http:\/\/topformacionpalencia.com\/"},{"@type":"ListItem","position":2,"name":"T\u00e9rminos y condiciones"}]},{"@type":"WebSite","@id":"http:\/\/topformacionpalencia.com\/#website","url":"http:\/\/topformacionpalencia.com\/","name":"Top Formacion Palencia","description":"Grupo Top Formaci\u00f3n | Centro de Formaci\u00f3n Profesional | Cursos para Desempleados | Cursos para Trabajadores","publisher":{"@id":"http:\/\/topformacionpalencia.com\/#organization"},"potentialAction":[{"@type":"SearchAction","target":{"@type":"EntryPoint","urlTemplate":"http:\/\/topformacionpalencia.com\/?s={search_term_string}"},"query-input":{"@type":"PropertyValueSpecification","valueRequired":true,"valueName":"search_term_string"}}],"inLanguage":"en-GB"},{"@type":"Organization","@id":"http:\/\/topformacionpalencia.com\/#organization","name":"Top Formacion Palencia","url":"http:\/\/topformacionpalencia.com\/","logo":{"@type":"ImageObject","inLanguage":"en-GB","@id":"http:\/\/topformacionpalencia.com\/#\/schema\/logo\/image\/","url":"https:\/\/topformacionpalencia.com\/wp-content\/uploads\/2024\/05\/Captura-de-pantalla-2024-05-14-172606.png","contentUrl":"https:\/\/topformacionpalencia.com\/wp-content\/uploads\/2024\/05\/Captura-de-pantalla-2024-05-14-172606.png","width":458,"height":136,"caption":"Top Formacion Palencia"},"image":{"@id":"http:\/\/topformacionpalencia.com\/#\/schema\/logo\/image\/"},"sameAs":["https:\/\/www.facebook.com\/top.formacion.es\/","https:\/\/www.instagram.com\/top_formacion_palencia\/"]}]}},"_links":{"self":[{"href":"http:\/\/topformacionpalencia.com\/en\/wp-json\/wp\/v2\/pages\/2806","targetHints":{"allow":["GET"]}}],"collection":[{"href":"http:\/\/topformacionpalencia.com\/en\/wp-json\/wp\/v2\/pages"}],"about":[{"href":"http:\/\/topformacionpalencia.com\/en\/wp-json\/wp\/v2\/types\/page"}],"author":[{"embeddable":true,"href":"http:\/\/topformacionpalencia.com\/en\/wp-json\/wp\/v2\/users\/1"}],"replies":[{"embeddable":true,"href":"http:\/\/topformacionpalencia.com\/en\/wp-json\/wp\/v2\/comments?post=2806"}],"version-history":[{"count":2,"href":"http:\/\/topformacionpalencia.com\/en\/wp-json\/wp\/v2\/pages\/2806\/revisions"}],"predecessor-version":[{"id":2808,"href":"http:\/\/topformacionpalencia.com\/en\/wp-json\/wp\/v2\/pages\/2806\/revisions\/2808"}],"wp:attachment":[{"href":"http:\/\/topformacionpalencia.com\/en\/wp-json\/wp\/v2\/media?parent=2806"}],"curies":[{"name":"wp","href":"https:\/\/api.w.org\/{rel}","templated":true}]}}